{"id":40,"date":"2023-03-16T11:24:20","date_gmt":"2023-03-16T10:24:20","guid":{"rendered":"https:\/\/www.anesthesiasa.ch\/?page_id=40"},"modified":"2026-03-11T10:05:53","modified_gmt":"2026-03-11T09:05:53","slug":"carriere","status":"publish","type":"page","link":"https:\/\/www.anesthesiasa.ch\/fr\/carriere\/","title":{"rendered":"Carri\u00e8re"},"content":{"rendered":"\t\t<div data-elementor-type=\"wp-page\" data-elementor-id=\"40\" class=\"elementor elementor-40\" data-elementor-settings=\"{&quot;ha_cmc_init_switcher&quot;:&quot;no&quot;}\" data-elementor-post-type=\"page\">\n\t\t\t\t\t\t<section class=\"elementor-section elementor-top-section elementor-element elementor-element-38b7753 elementor-section-boxed elementor-section-height-default elementor-section-height-default\" data-id=\"38b7753\" data-element_type=\"section\" data-settings=\"{&quot;background_background&quot;:&quot;classic&quot;,&quot;_ha_eqh_enable&quot;:false}\">\n\t\t\t\t\t\t<div class=\"elementor-container elementor-column-gap-default\">\n\t\t\t\t\t<div class=\"elementor-column elementor-col-100 elementor-top-column elementor-element elementor-element-8bf41cb\" data-id=\"8bf41cb\" data-element_type=\"column\">\n\t\t\t<div class=\"elementor-widget-wrap elementor-element-populated\">\n\t\t\t\t\t\t<div class=\"elementor-element elementor-element-bf10d78 elementor-widget elementor-widget-spacer\" data-id=\"bf10d78\" data-element_type=\"widget\" data-widget_type=\"spacer.default\">\n\t\t\t\t<div class=\"elementor-widget-container\">\n\t\t\t\t\t\t\t<div class=\"elementor-spacer\">\n\t\t\t<div class=\"elementor-spacer-inner\"><\/div>\n\t\t<\/div>\n\t\t\t\t\t\t<\/div>\n\t\t\t\t<\/div>\n\t\t\t\t<div class=\"elementor-element elementor-element-36c5f136 elementor-widget elementor-widget-heading\" data-id=\"36c5f136\" data-element_type=\"widget\" data-widget_type=\"heading.default\">\n\t\t\t\t<div class=\"elementor-widget-container\">\n\t\t\t\t\t<h1 class=\"elementor-heading-title elementor-size-default\">Carri\u00e8re<\/h1>\t\t\t\t<\/div>\n\t\t\t\t<\/div>\n\t\t\t\t<div class=\"elementor-element elementor-element-49d4c7b6 elementor-widget elementor-widget-spacer\" data-id=\"49d4c7b6\" data-element_type=\"widget\" data-widget_type=\"spacer.default\">\n\t\t\t\t<div class=\"elementor-widget-container\">\n\t\t\t\t\t\t\t<div class=\"elementor-spacer\">\n\t\t\t<div class=\"elementor-spacer-inner\"><\/div>\n\t\t<\/div>\n\t\t\t\t\t\t<\/div>\n\t\t\t\t<\/div>\n\t\t\t\t<section class=\"elementor-section elementor-inner-section elementor-element elementor-element-5ceff321 elementor-section-full_width elementor-section-height-default elementor-section-height-default\" data-id=\"5ceff321\" data-element_type=\"section\" data-settings=\"{&quot;_ha_eqh_enable&quot;:false}\">\n\t\t\t\t\t\t<div class=\"elementor-container elementor-column-gap-default\">\n\t\t\t\t\t<div class=\"elementor-column elementor-col-50 elementor-inner-column elementor-element elementor-element-7ece228a\" data-id=\"7ece228a\" data-element_type=\"column\">\n\t\t\t<div class=\"elementor-widget-wrap elementor-element-populated\">\n\t\t\t\t\t\t<div class=\"elementor-element elementor-element-ae28b2f elementor-widget elementor-widget-text-editor\" data-id=\"ae28b2f\" data-element_type=\"widget\" data-widget_type=\"text-editor.default\">\n\t\t\t\t<div class=\"elementor-widget-container\">\n\t\t\t\t\t\t\t\t\t<p>Notre \u00e9quipe compte des collaboratrices et collaborateurs aux profils vari\u00e9s &#8211; aussi bien dans le domaine m\u00e9dical (anesth\u00e9sie) que dans celui des soins en salle de r\u00e9veil, ainsi que dans l&rsquo;administration et le secr\u00e9tariat.<\/p><p><strong>Offre d&#8217;emploi : <span style=\"text-decoration: underline\"><a href=\"https:\/\/www.anesthesiasa.ch\/wp-content\/uploads\/2026\/03\/Diplomierte-Expertin-Experte-Anasthesiepflege__2026.pdf\">Dipl. Expertin \/ Experte An\u00e4sthesiepflege NDS HF<\/a><\/span><\/strong><\/p><p><span style=\"color: var( --e-global-color-text );font-family: var( --e-global-typography-text-font-family ), Sans-serif;font-weight: var( --e-global-typography-text-font-weight )\">Rejoindre nos \u00e9quipes vous permettra d\u2019int\u00e9grer un environnement de travail professionnel, dynamique et r\u00e9gi par des valeurs fortes. Vous b\u00e9n\u00e9ficierez \u00e9galement de conditions de travail avantageuses.\u00a0<\/span><\/p><p><span style=\"color: var( --e-global-color-text );font-family: var( --e-global-typography-text-font-family ), Sans-serif;font-weight: var( --e-global-typography-text-font-weight )\">Nous recevons volontiers vos candidatures spontan\u00e9es ainsi que celles pour les postes \u00e0 pourvoir par email \u00e0 <span style=\"text-decoration: underline\"><a href=\"mailto:info@anesthesiasa.ch\">info@anesthesiasa.ch<\/a><\/span> (Fribourg), <span style=\"text-decoration: underline\"><a href=\"mailto:lausanne@anesthesiasa.ch\">lausanne@anesthesiasa.ch<\/a><\/span> (Lausanne),\u00a0<span style=\"text-decoration: underline\"><a href=\"mailto:siloah@anesthesiasa.ch\">siloah@anesthesiasa.ch<\/a><\/span> (G\u00fcmligen) ou <span style=\"text-decoration: underline\"><a href=\"mailto:genolier@anesthesiasa.ch\">genolier<\/a><a href=\"mailto:genolier@anesthesiasa.ch\">@anesthesiasa.ch<\/a><\/span> (Genolier).<\/span><\/p>\t\t\t\t\t\t\t\t<\/div>\n\t\t\t\t<\/div>\n\t\t\t\t\t<\/div>\n\t\t<\/div>\n\t\t\t\t<div class=\"elementor-column elementor-col-50 elementor-inner-column elementor-element elementor-element-56dfb98c\" data-id=\"56dfb98c\" data-element_type=\"column\">\n\t\t\t<div class=\"elementor-widget-wrap elementor-element-populated\">\n\t\t\t\t\t\t<div class=\"elementor-element elementor-element-156b5afb elementor-widget elementor-widget-image\" data-id=\"156b5afb\" data-element_type=\"widget\" data-widget_type=\"image.default\">\n\t\t\t\t<div class=\"elementor-widget-container\">\n\t\t\t\t\t\t\t\t\t\t\t\t\t\t\t<img fetchpriority=\"high\" decoding=\"async\" width=\"2560\" height=\"1707\" src=\"https:\/\/www.anesthesiasa.ch\/wp-content\/uploads\/2024\/01\/MG_2382_Edit-2-scaled.jpg\" class=\"attachment-full size-full wp-image-1901\" alt=\"Emmanuelle De Gottrau, M\u00e9lissa Schibler\u200b et Christel Dessibourg, \u00e0 l&#039;administration de Fribourg.\" srcset=\"https:\/\/www.anesthesiasa.ch\/wp-content\/uploads\/2024\/01\/MG_2382_Edit-2-scaled.jpg 2560w, https:\/\/www.anesthesiasa.ch\/wp-content\/uploads\/2024\/01\/MG_2382_Edit-2-300x200.jpg 300w, https:\/\/www.anesthesiasa.ch\/wp-content\/uploads\/2024\/01\/MG_2382_Edit-2-1024x683.jpg 1024w, https:\/\/www.anesthesiasa.ch\/wp-content\/uploads\/2024\/01\/MG_2382_Edit-2-768x512.jpg 768w, https:\/\/www.anesthesiasa.ch\/wp-content\/uploads\/2024\/01\/MG_2382_Edit-2-1536x1024.jpg 1536w, https:\/\/www.anesthesiasa.ch\/wp-content\/uploads\/2024\/01\/MG_2382_Edit-2-2048x1365.jpg 2048w\" sizes=\"(max-width: 2560px) 100vw, 2560px\" \/>\t\t\t\t\t\t\t\t\t\t\t\t\t\t\t<\/div>\n\t\t\t\t<\/div>\n\t\t\t\t\t<\/div>\n\t\t<\/div>\n\t\t\t\t\t<\/div>\n\t\t<\/section>\n\t\t\t\t<div class=\"elementor-element elementor-element-581f1dff elementor-widget elementor-widget-spacer\" data-id=\"581f1dff\" data-element_type=\"widget\" data-widget_type=\"spacer.default\">\n\t\t\t\t<div class=\"elementor-widget-container\">\n\t\t\t\t\t\t\t<div class=\"elementor-spacer\">\n\t\t\t<div class=\"elementor-spacer-inner\"><\/div>\n\t\t<\/div>\n\t\t\t\t\t\t<\/div>\n\t\t\t\t<\/div>\n\t\t\t\t\t<\/div>\n\t\t<\/div>\n\t\t\t\t\t<\/div>\n\t\t<\/section>\n\t\t\t\t<\/div>\n\t\t","protected":false},"excerpt":{"rendered":"<p>Carri\u00e8re Notre \u00e9quipe compte des collaboratrices et collaborateurs aux profils vari\u00e9s &#8211; aussi bien dans le domaine m\u00e9dical (anesth\u00e9sie) que dans celui des soins en salle de r\u00e9veil, ainsi que dans l&rsquo;administration et le secr\u00e9tariat. Offre d&#8217;emploi : Dipl. Expertin \/ Experte An\u00e4sthesiepflege NDS HF Rejoindre nos \u00e9quipes vous permettra d\u2019int\u00e9grer un environnement de travail [&hellip;]<\/p>\n","protected":false},"author":1,"featured_media":0,"parent":0,"menu_order":0,"comment_status":"closed","ping_status":"closed","template":"","meta":{"footnotes":""},"class_list":["post-40","page","type-page","status-publish","hentry"],"yoast_head":"<!-- This site is optimized with the Yoast SEO plugin v26.6 - https:\/\/yoast.com\/wordpress\/plugins\/seo\/ -->\n<title>Carri\u00e8re - Anesthesia<\/title>\n<meta name=\"robots\" content=\"index, follow, max-snippet:-1, max-image-preview:large, max-video-preview:-1\" \/>\n<link rel=\"canonical\" href=\"https:\/\/www.anesthesiasa.ch\/fr\/carriere\/\" \/>\n<meta property=\"og:locale\" content=\"fr_FR\" \/>\n<meta property=\"og:type\" content=\"article\" \/>\n<meta property=\"og:title\" content=\"Carri\u00e8re - Anesthesia\" \/>\n<meta property=\"og:description\" content=\"Carri\u00e8re Notre \u00e9quipe compte des collaboratrices et collaborateurs aux profils vari\u00e9s &#8211; aussi bien dans le domaine m\u00e9dical (anesth\u00e9sie) que dans celui des soins en salle de r\u00e9veil, ainsi que dans l&rsquo;administration et le secr\u00e9tariat. Offre d&#8217;emploi : Dipl. Expertin \/ Experte An\u00e4sthesiepflege NDS HF Rejoindre nos \u00e9quipes vous permettra d\u2019int\u00e9grer un environnement de travail [&hellip;]\" \/>\n<meta property=\"og:url\" content=\"https:\/\/www.anesthesiasa.ch\/fr\/carriere\/\" \/>\n<meta property=\"og:site_name\" content=\"Anesthesia\" \/>\n<meta property=\"article:modified_time\" content=\"2026-03-11T09:05:53+00:00\" \/>\n<meta property=\"og:image\" content=\"https:\/\/www.anesthesiasa.ch\/wp-content\/uploads\/2024\/01\/MG_2382_Edit-2-scaled.jpg\" \/>\n\t<meta property=\"og:image:width\" content=\"2560\" \/>\n\t<meta property=\"og:image:height\" content=\"1707\" \/>\n\t<meta property=\"og:image:type\" content=\"image\/jpeg\" \/>\n<meta name=\"twitter:card\" content=\"summary_large_image\" \/>\n<meta name=\"twitter:label1\" content=\"Dur\u00e9e de lecture estim\u00e9e\" \/>\n\t<meta name=\"twitter:data1\" content=\"1 minute\" \/>\n<script type=\"application\/ld+json\" class=\"yoast-schema-graph\">{\"@context\":\"https:\/\/schema.org\",\"@graph\":[{\"@type\":\"WebPage\",\"@id\":\"https:\/\/www.anesthesiasa.ch\/carriere\/\",\"url\":\"https:\/\/www.anesthesiasa.ch\/carriere\/\",\"name\":\"Carri\u00e8re - Anesthesia\",\"isPartOf\":{\"@id\":\"https:\/\/www.anesthesiasa.ch\/#website\"},\"primaryImageOfPage\":{\"@id\":\"https:\/\/www.anesthesiasa.ch\/carriere\/#primaryimage\"},\"image\":{\"@id\":\"https:\/\/www.anesthesiasa.ch\/carriere\/#primaryimage\"},\"thumbnailUrl\":\"https:\/\/www.anesthesiasa.ch\/wp-content\/uploads\/2024\/01\/MG_2382_Edit-2-scaled.jpg\",\"datePublished\":\"2023-03-16T10:24:20+00:00\",\"dateModified\":\"2026-03-11T09:05:53+00:00\",\"breadcrumb\":{\"@id\":\"https:\/\/www.anesthesiasa.ch\/carriere\/#breadcrumb\"},\"inLanguage\":\"fr-FR\",\"potentialAction\":[{\"@type\":\"ReadAction\",\"target\":[\"https:\/\/www.anesthesiasa.ch\/carriere\/\"]}]},{\"@type\":\"ImageObject\",\"inLanguage\":\"fr-FR\",\"@id\":\"https:\/\/www.anesthesiasa.ch\/carriere\/#primaryimage\",\"url\":\"https:\/\/www.anesthesiasa.ch\/wp-content\/uploads\/2024\/01\/MG_2382_Edit-2-scaled.jpg\",\"contentUrl\":\"https:\/\/www.anesthesiasa.ch\/wp-content\/uploads\/2024\/01\/MG_2382_Edit-2-scaled.jpg\"},{\"@type\":\"BreadcrumbList\",\"@id\":\"https:\/\/www.anesthesiasa.ch\/carriere\/#breadcrumb\",\"itemListElement\":[{\"@type\":\"ListItem\",\"position\":1,\"name\":\"Accueil\",\"item\":\"https:\/\/www.anesthesiasa.ch\/\"},{\"@type\":\"ListItem\",\"position\":2,\"name\":\"Carri\u00e8re\"}]},{\"@type\":\"WebSite\",\"@id\":\"https:\/\/www.anesthesiasa.ch\/#website\",\"url\":\"https:\/\/www.anesthesiasa.ch\/\",\"name\":\"Anesthesia\",\"description\":\"anesth\u00e9sie \u2013 antalgie\",\"publisher\":{\"@id\":\"https:\/\/www.anesthesiasa.ch\/#organization\"},\"potentialAction\":[{\"@type\":\"SearchAction\",\"target\":{\"@type\":\"EntryPoint\",\"urlTemplate\":\"https:\/\/www.anesthesiasa.ch\/?s={search_term_string}\"},\"query-input\":{\"@type\":\"PropertyValueSpecification\",\"valueRequired\":true,\"valueName\":\"search_term_string\"}}],\"inLanguage\":\"fr-FR\"},{\"@type\":\"Organization\",\"@id\":\"https:\/\/www.anesthesiasa.ch\/#organization\",\"name\":\"Anesthesia\",\"url\":\"https:\/\/www.anesthesiasa.ch\/\",\"logo\":{\"@type\":\"ImageObject\",\"inLanguage\":\"fr-FR\",\"@id\":\"https:\/\/www.anesthesiasa.ch\/#\/schema\/logo\/image\/\",\"url\":\"https:\/\/www.anesthesiasa.ch\/wp-content\/uploads\/2023\/03\/Anesthesia-Anesthesie-Antalgie.png\",\"contentUrl\":\"https:\/\/www.anesthesiasa.ch\/wp-content\/uploads\/2023\/03\/Anesthesia-Anesthesie-Antalgie.png\",\"width\":515,\"height\":275,\"caption\":\"Anesthesia\"},\"image\":{\"@id\":\"https:\/\/www.anesthesiasa.ch\/#\/schema\/logo\/image\/\"},\"sameAs\":[\"https:\/\/www.linkedin.com\/company\/anesthesiasa\/\"]}]}<\/script>\n<!-- \/ Yoast SEO plugin. -->","yoast_head_json":{"title":"Carri\u00e8re - Anesthesia","robots":{"index":"index","follow":"follow","max-snippet":"max-snippet:-1","max-image-preview":"max-image-preview:large","max-video-preview":"max-video-preview:-1"},"canonical":"https:\/\/www.anesthesiasa.ch\/fr\/carriere\/","og_locale":"fr_FR","og_type":"article","og_title":"Carri\u00e8re - Anesthesia","og_description":"Carri\u00e8re Notre \u00e9quipe compte des collaboratrices et collaborateurs aux profils vari\u00e9s &#8211; aussi bien dans le domaine m\u00e9dical (anesth\u00e9sie) que dans celui des soins en salle de r\u00e9veil, ainsi que dans l&rsquo;administration et le secr\u00e9tariat. Offre d&#8217;emploi : Dipl. Expertin \/ Experte An\u00e4sthesiepflege NDS HF Rejoindre nos \u00e9quipes vous permettra d\u2019int\u00e9grer un environnement de travail [&hellip;]","og_url":"https:\/\/www.anesthesiasa.ch\/fr\/carriere\/","og_site_name":"Anesthesia","article_modified_time":"2026-03-11T09:05:53+00:00","og_image":[{"width":2560,"height":1707,"url":"https:\/\/www.anesthesiasa.ch\/wp-content\/uploads\/2024\/01\/MG_2382_Edit-2-scaled.jpg","type":"image\/jpeg"}],"twitter_card":"summary_large_image","twitter_misc":{"Dur\u00e9e de lecture estim\u00e9e":"1 minute"},"schema":{"@context":"https:\/\/schema.org","@graph":[{"@type":"WebPage","@id":"https:\/\/www.anesthesiasa.ch\/carriere\/","url":"https:\/\/www.anesthesiasa.ch\/carriere\/","name":"Carri\u00e8re - Anesthesia","isPartOf":{"@id":"https:\/\/www.anesthesiasa.ch\/#website"},"primaryImageOfPage":{"@id":"https:\/\/www.anesthesiasa.ch\/carriere\/#primaryimage"},"image":{"@id":"https:\/\/www.anesthesiasa.ch\/carriere\/#primaryimage"},"thumbnailUrl":"https:\/\/www.anesthesiasa.ch\/wp-content\/uploads\/2024\/01\/MG_2382_Edit-2-scaled.jpg","datePublished":"2023-03-16T10:24:20+00:00","dateModified":"2026-03-11T09:05:53+00:00","breadcrumb":{"@id":"https:\/\/www.anesthesiasa.ch\/carriere\/#breadcrumb"},"inLanguage":"fr-FR","potentialAction":[{"@type":"ReadAction","target":["https:\/\/www.anesthesiasa.ch\/carriere\/"]}]},{"@type":"ImageObject","inLanguage":"fr-FR","@id":"https:\/\/www.anesthesiasa.ch\/carriere\/#primaryimage","url":"https:\/\/www.anesthesiasa.ch\/wp-content\/uploads\/2024\/01\/MG_2382_Edit-2-scaled.jpg","contentUrl":"https:\/\/www.anesthesiasa.ch\/wp-content\/uploads\/2024\/01\/MG_2382_Edit-2-scaled.jpg"},{"@type":"BreadcrumbList","@id":"https:\/\/www.anesthesiasa.ch\/carriere\/#breadcrumb","itemListElement":[{"@type":"ListItem","position":1,"name":"Accueil","item":"https:\/\/www.anesthesiasa.ch\/"},{"@type":"ListItem","position":2,"name":"Carri\u00e8re"}]},{"@type":"WebSite","@id":"https:\/\/www.anesthesiasa.ch\/#website","url":"https:\/\/www.anesthesiasa.ch\/","name":"Anesthesia","description":"anesth\u00e9sie \u2013 antalgie","publisher":{"@id":"https:\/\/www.anesthesiasa.ch\/#organization"},"potentialAction":[{"@type":"SearchAction","target":{"@type":"EntryPoint","urlTemplate":"https:\/\/www.anesthesiasa.ch\/?s={search_term_string}"},"query-input":{"@type":"PropertyValueSpecification","valueRequired":true,"valueName":"search_term_string"}}],"inLanguage":"fr-FR"},{"@type":"Organization","@id":"https:\/\/www.anesthesiasa.ch\/#organization","name":"Anesthesia","url":"https:\/\/www.anesthesiasa.ch\/","logo":{"@type":"ImageObject","inLanguage":"fr-FR","@id":"https:\/\/www.anesthesiasa.ch\/#\/schema\/logo\/image\/","url":"https:\/\/www.anesthesiasa.ch\/wp-content\/uploads\/2023\/03\/Anesthesia-Anesthesie-Antalgie.png","contentUrl":"https:\/\/www.anesthesiasa.ch\/wp-content\/uploads\/2023\/03\/Anesthesia-Anesthesie-Antalgie.png","width":515,"height":275,"caption":"Anesthesia"},"image":{"@id":"https:\/\/www.anesthesiasa.ch\/#\/schema\/logo\/image\/"},"sameAs":["https:\/\/www.linkedin.com\/company\/anesthesiasa\/"]}]}},"_links":{"self":[{"href":"https:\/\/www.anesthesiasa.ch\/fr\/wp-json\/wp\/v2\/pages\/40","targetHints":{"allow":["GET"]}}],"collection":[{"href":"https:\/\/www.anesthesiasa.ch\/fr\/wp-json\/wp\/v2\/pages"}],"about":[{"href":"https:\/\/www.anesthesiasa.ch\/fr\/wp-json\/wp\/v2\/types\/page"}],"author":[{"embeddable":true,"href":"https:\/\/www.anesthesiasa.ch\/fr\/wp-json\/wp\/v2\/users\/1"}],"replies":[{"embeddable":true,"href":"https:\/\/www.anesthesiasa.ch\/fr\/wp-json\/wp\/v2\/comments?post=40"}],"version-history":[{"count":168,"href":"https:\/\/www.anesthesiasa.ch\/fr\/wp-json\/wp\/v2\/pages\/40\/revisions"}],"predecessor-version":[{"id":5420,"href":"https:\/\/www.anesthesiasa.ch\/fr\/wp-json\/wp\/v2\/pages\/40\/revisions\/5420"}],"wp:attachment":[{"href":"https:\/\/www.anesthesiasa.ch\/fr\/wp-json\/wp\/v2\/media?parent=40"}],"curies":[{"name":"wp","href":"https:\/\/api.w.org\/{rel}","templated":true}]}}