{"id":592,"date":"2023-05-24T10:48:42","date_gmt":"2023-05-24T08:48:42","guid":{"rendered":"https:\/\/www.anesthesiasa.ch\/?page_id=592"},"modified":"2026-03-23T12:26:51","modified_gmt":"2026-03-23T11:26:51","slug":"unsere-standorte","status":"publish","type":"page","link":"https:\/\/www.anesthesiasa.ch\/de\/unsere-standorte\/","title":{"rendered":"Unsere Standorte"},"content":{"rendered":"<div data-elementor-type=\"wp-page\" data-elementor-id=\"592\" class=\"elementor elementor-592\" data-elementor-settings=\"{&quot;ha_cmc_init_switcher&quot;:&quot;no&quot;}\" data-elementor-post-type=\"page\">\n\t\t\t\t\t\t<section class=\"elementor-section elementor-top-section elementor-element elementor-element-ff9d01c elementor-section-boxed elementor-section-height-default elementor-section-height-default\" data-id=\"ff9d01c\" data-element_type=\"section\" data-settings=\"{&quot;_ha_eqh_enable&quot;:false}\">\n\t\t\t\t\t\t<div class=\"elementor-container elementor-column-gap-default\">\n\t\t\t\t\t<div class=\"elementor-column elementor-col-100 elementor-top-column elementor-element elementor-element-22cc321\" data-id=\"22cc321\" data-element_type=\"column\">\n\t\t\t<div class=\"elementor-widget-wrap elementor-element-populated\">\n\t\t\t\t\t\t<div class=\"elementor-element elementor-element-b9a08fb elementor-widget elementor-widget-spacer\" data-id=\"b9a08fb\" data-element_type=\"widget\" data-widget_type=\"spacer.default\">\n\t\t\t\t<div class=\"elementor-widget-container\">\n\t\t\t\t\t\t\t<div class=\"elementor-spacer\">\n\t\t\t<div class=\"elementor-spacer-inner\"><\/div>\n\t\t<\/div>\n\t\t\t\t\t\t<\/div>\n\t\t\t\t<\/div>\n\t\t\t\t<div class=\"elementor-element elementor-element-f51c04e elementor-widget elementor-widget-heading\" data-id=\"f51c04e\" data-element_type=\"widget\" data-widget_type=\"heading.default\">\n\t\t\t\t<div class=\"elementor-widget-container\">\n\t\t\t\t\t<h1 class=\"elementor-heading-title elementor-size-default\">Unsere Standorte<\/h1>\t\t\t\t<\/div>\n\t\t\t\t<\/div>\n\t\t\t\t\t<\/div>\n\t\t<\/div>\n\t\t\t\t\t<\/div>\n\t\t<\/section>\n\t\t\t\t<section class=\"elementor-section elementor-top-section elementor-element elementor-element-f893515 elementor-section-boxed elementor-section-height-default elementor-section-height-default\" data-id=\"f893515\" data-element_type=\"section\" data-settings=\"{&quot;_ha_eqh_enable&quot;:false}\">\n\t\t\t\t\t\t<div class=\"elementor-container elementor-column-gap-default\">\n\t\t\t\t\t<div class=\"elementor-column elementor-col-100 elementor-top-column elementor-element elementor-element-c4fe835\" data-id=\"c4fe835\" data-element_type=\"column\">\n\t\t\t<div class=\"elementor-widget-wrap elementor-element-populated\">\n\t\t\t\t\t\t<div class=\"elementor-element elementor-element-2a144c6 elementor-widget elementor-widget-spacer\" data-id=\"2a144c6\" data-element_type=\"widget\" data-widget_type=\"spacer.default\">\n\t\t\t\t<div class=\"elementor-widget-container\">\n\t\t\t\t\t\t\t<div class=\"elementor-spacer\">\n\t\t\t<div class=\"elementor-spacer-inner\"><\/div>\n\t\t<\/div>\n\t\t\t\t\t\t<\/div>\n\t\t\t\t<\/div>\n\t\t\t\t\t<\/div>\n\t\t<\/div>\n\t\t\t\t\t<\/div>\n\t\t<\/section>\n\t\t\t\t<section class=\"elementor-section elementor-top-section elementor-element elementor-element-f3e7fa2 elementor-section-boxed elementor-section-height-default elementor-section-height-default\" data-id=\"f3e7fa2\" data-element_type=\"section\" data-settings=\"{&quot;_ha_eqh_enable&quot;:false}\">\n\t\t\t\t\t\t<div class=\"elementor-container elementor-column-gap-default\">\n\t\t\t\t\t<div class=\"elementor-column elementor-col-100 elementor-top-column elementor-element elementor-element-8a9fa01\" data-id=\"8a9fa01\" data-element_type=\"column\">\n\t\t\t<div class=\"elementor-widget-wrap elementor-element-populated\">\n\t\t\t\t\t\t<div class=\"elementor-element elementor-element-e1f4979 elementor-widget elementor-widget-spacer\" data-id=\"e1f4979\" data-element_type=\"widget\" data-widget_type=\"spacer.default\">\n\t\t\t\t<div class=\"elementor-widget-container\">\n\t\t\t\t\t\t\t<div class=\"elementor-spacer\">\n\t\t\t<div class=\"elementor-spacer-inner\"><\/div>\n\t\t<\/div>\n\t\t\t\t\t\t<\/div>\n\t\t\t\t<\/div>\n\t\t\t\t\t<\/div>\n\t\t<\/div>\n\t\t\t\t\t<\/div>\n\t\t<\/section>\n\t\t\t\t<section class=\"elementor-section elementor-top-section elementor-element elementor-element-31feb34 elementor-section-boxed elementor-section-height-default elementor-section-height-default\" data-id=\"31feb34\" data-element_type=\"section\" data-settings=\"{&quot;background_background&quot;:&quot;classic&quot;,&quot;_ha_eqh_enable&quot;:false}\">\n\t\t\t\t\t\t<div class=\"elementor-container elementor-column-gap-default\">\n\t\t\t\t\t<div class=\"elementor-column elementor-col-100 elementor-top-column elementor-element elementor-element-d3e818c\" data-id=\"d3e818c\" data-element_type=\"column\">\n\t\t\t<div class=\"elementor-widget-wrap elementor-element-populated\">\n\t\t\t\t\t\t<div class=\"elementor-element elementor-element-32c96ac elementor-widget elementor-widget-spacer\" data-id=\"32c96ac\" data-element_type=\"widget\" data-widget_type=\"spacer.default\">\n\t\t\t\t<div class=\"elementor-widget-container\">\n\t\t\t\t\t\t\t<div class=\"elementor-spacer\">\n\t\t\t<div class=\"elementor-spacer-inner\"><\/div>\n\t\t<\/div>\n\t\t\t\t\t\t<\/div>\n\t\t\t\t<\/div>\n\t\t\t\t<section class=\"elementor-section elementor-inner-section elementor-element elementor-element-e140fb2 elementor-section-full_width elementor-section-height-default elementor-section-height-default\" data-id=\"e140fb2\" data-element_type=\"section\" data-settings=\"{&quot;_ha_eqh_enable&quot;:false}\">\n\t\t\t\t\t\t<div class=\"elementor-container elementor-column-gap-default\">\n\t\t\t\t\t<div class=\"elementor-column elementor-col-25 elementor-inner-column elementor-element elementor-element-707a78cc\" data-id=\"707a78cc\" data-element_type=\"column\">\n\t\t\t<div class=\"elementor-widget-wrap elementor-element-populated\">\n\t\t\t\t\t\t<div class=\"elementor-element elementor-element-204e64eb elementor-widget__width-auto elementor-widget elementor-widget-image\" data-id=\"204e64eb\" data-element_type=\"widget\" data-widget_type=\"image.default\">\n\t\t\t\t<div class=\"elementor-widget-container\">\n\t\t\t\t\t\t\t\t\t\t\t\t\t\t\t\t<a href=\"https:\/\/www.anesthesiasa.ch\/de\/unsere-standorte\/freiburg\/\">\n\t\t\t\t\t\t\t<img fetchpriority=\"high\" decoding=\"async\" width=\"1536\" height=\"1024\" src=\"https:\/\/www.anesthesiasa.ch\/wp-content\/uploads\/2026\/03\/Entree-moderne-de-la-Clinique-Generale.png\" class=\"attachment-full size-full wp-image-5477\" alt=\"\" srcset=\"https:\/\/www.anesthesiasa.ch\/wp-content\/uploads\/2026\/03\/Entree-moderne-de-la-Clinique-Generale.png 1536w, https:\/\/www.anesthesiasa.ch\/wp-content\/uploads\/2026\/03\/Entree-moderne-de-la-Clinique-Generale-300x200.png 300w, https:\/\/www.anesthesiasa.ch\/wp-content\/uploads\/2026\/03\/Entree-moderne-de-la-Clinique-Generale-1024x683.png 1024w, https:\/\/www.anesthesiasa.ch\/wp-content\/uploads\/2026\/03\/Entree-moderne-de-la-Clinique-Generale-768x512.png 768w, https:\/\/www.anesthesiasa.ch\/wp-content\/uploads\/2026\/03\/Entree-moderne-de-la-Clinique-Generale-18x12.png 18w\" sizes=\"(max-width: 1536px) 100vw, 1536px\" \/>\t\t\t\t\t\t\t\t<\/a>\n\t\t\t\t\t\t\t\t\t\t\t\t\t\t\t<\/div>\n\t\t\t\t<\/div>\n\t\t\t\t<div class=\"elementor-element elementor-element-73797f46 elementor-widget elementor-widget-heading\" data-id=\"73797f46\" data-element_type=\"widget\" data-widget_type=\"heading.default\">\n\t\t\t\t<div class=\"elementor-widget-container\">\n\t\t\t\t\t<h2 class=\"elementor-heading-title elementor-size-default\">Fribourg<\/h2>\t\t\t\t<\/div>\n\t\t\t\t<\/div>\n\t\t\t\t<div class=\"elementor-element elementor-element-1f88ae7 elementor-widget elementor-widget-text-editor\" data-id=\"1f88ae7\" data-element_type=\"widget\" data-widget_type=\"text-editor.default\">\n\t\t\t\t<div class=\"elementor-widget-container\">\n\t\t\t\t\t\t\t\t\t<p>Clinique G\u00e9n\u00e9rale Ste-Anne<\/p>\t\t\t\t\t\t\t\t<\/div>\n\t\t\t\t<\/div>\n\t\t\t\t\t<\/div>\n\t\t<\/div>\n\t\t\t\t<div class=\"elementor-column elementor-col-25 elementor-inner-column elementor-element elementor-element-e57a6c9\" data-id=\"e57a6c9\" data-element_type=\"column\">\n\t\t\t<div class=\"elementor-widget-wrap elementor-element-populated\">\n\t\t\t\t\t\t<div class=\"elementor-element elementor-element-abbc5f1 elementor-widget__width-auto elementor-widget elementor-widget-image\" data-id=\"abbc5f1\" data-element_type=\"widget\" data-widget_type=\"image.default\">\n\t\t\t\t<div class=\"elementor-widget-container\">\n\t\t\t\t\t\t\t\t\t\t\t\t\t\t\t\t<a href=\"https:\/\/www.anesthesiasa.ch\/de\/unsere-standorte\/genolier\/\">\n\t\t\t\t\t\t\t<img decoding=\"async\" width=\"2560\" height=\"1707\" src=\"https:\/\/www.anesthesiasa.ch\/wp-content\/uploads\/2026\/03\/MG_4611-2_Edit-scaled.jpg\" class=\"attachment-full size-full wp-image-5459\" alt=\"\" srcset=\"https:\/\/www.anesthesiasa.ch\/wp-content\/uploads\/2026\/03\/MG_4611-2_Edit-scaled.jpg 2560w, https:\/\/www.anesthesiasa.ch\/wp-content\/uploads\/2026\/03\/MG_4611-2_Edit-300x200.jpg 300w, https:\/\/www.anesthesiasa.ch\/wp-content\/uploads\/2026\/03\/MG_4611-2_Edit-1024x683.jpg 1024w, https:\/\/www.anesthesiasa.ch\/wp-content\/uploads\/2026\/03\/MG_4611-2_Edit-768x512.jpg 768w, https:\/\/www.anesthesiasa.ch\/wp-content\/uploads\/2026\/03\/MG_4611-2_Edit-1536x1024.jpg 1536w, https:\/\/www.anesthesiasa.ch\/wp-content\/uploads\/2026\/03\/MG_4611-2_Edit-2048x1365.jpg 2048w, https:\/\/www.anesthesiasa.ch\/wp-content\/uploads\/2026\/03\/MG_4611-2_Edit-18x12.jpg 18w\" sizes=\"(max-width: 2560px) 100vw, 2560px\" \/>\t\t\t\t\t\t\t\t<\/a>\n\t\t\t\t\t\t\t\t\t\t\t\t\t\t\t<\/div>\n\t\t\t\t<\/div>\n\t\t\t\t<div class=\"elementor-element elementor-element-5388fd1 elementor-widget elementor-widget-heading\" data-id=\"5388fd1\" data-element_type=\"widget\" data-widget_type=\"heading.default\">\n\t\t\t\t<div class=\"elementor-widget-container\">\n\t\t\t\t\t<h2 class=\"elementor-heading-title elementor-size-default\">GENOLIER<\/h2>\t\t\t\t<\/div>\n\t\t\t\t<\/div>\n\t\t\t\t<div class=\"elementor-element elementor-element-7bfe01e elementor-widget elementor-widget-text-editor\" data-id=\"7bfe01e\" data-element_type=\"widget\" data-widget_type=\"text-editor.default\">\n\t\t\t\t<div class=\"elementor-widget-container\">\n\t\t\t\t\t\t\t\t\t<p>Clinique de Genolier<\/p>\t\t\t\t\t\t\t\t<\/div>\n\t\t\t\t<\/div>\n\t\t\t\t\t<\/div>\n\t\t<\/div>\n\t\t\t\t<div class=\"elementor-column elementor-col-25 elementor-inner-column elementor-element elementor-element-43498686\" data-id=\"43498686\" data-element_type=\"column\">\n\t\t\t<div class=\"elementor-widget-wrap elementor-element-populated\">\n\t\t\t\t\t\t<div class=\"elementor-element elementor-element-4b1a848b elementor-widget__width-auto elementor-widget elementor-widget-image\" data-id=\"4b1a848b\" data-element_type=\"widget\" data-widget_type=\"image.default\">\n\t\t\t\t<div class=\"elementor-widget-container\">\n\t\t\t\t\t\t\t\t\t\t\t\t\t\t\t\t<a href=\"https:\/\/www.anesthesiasa.ch\/de\/unsere-standorte\/gumligen\/\">\n\t\t\t\t\t\t\t<img decoding=\"async\" width=\"1508\" height=\"1005\" src=\"https:\/\/www.anesthesiasa.ch\/wp-content\/uploads\/2026\/03\/ChatGPT-Image-23-mars-2026-12_20_05-e1775126049574.png\" class=\"attachment-full size-full wp-image-5475\" alt=\"\" \/>\t\t\t\t\t\t\t\t<\/a>\n\t\t\t\t\t\t\t\t\t\t\t\t\t\t\t<\/div>\n\t\t\t\t<\/div>\n\t\t\t\t<div class=\"elementor-element elementor-element-7503b632 elementor-widget elementor-widget-heading\" data-id=\"7503b632\" data-element_type=\"widget\" data-widget_type=\"heading.default\">\n\t\t\t\t<div class=\"elementor-widget-container\">\n\t\t\t\t\t<h2 class=\"elementor-heading-title elementor-size-default\">G\u00fcmligen<\/h2>\t\t\t\t<\/div>\n\t\t\t\t<\/div>\n\t\t\t\t<div class=\"elementor-element elementor-element-711dc1c elementor-widget elementor-widget-text-editor\" data-id=\"711dc1c\" data-element_type=\"widget\" data-widget_type=\"text-editor.default\">\n\t\t\t\t<div class=\"elementor-widget-container\">\n\t\t\t\t\t\t\t\t\t<p>Siloah Privatklinik<\/p>\t\t\t\t\t\t\t\t<\/div>\n\t\t\t\t<\/div>\n\t\t\t\t\t<\/div>\n\t\t<\/div>\n\t\t\t\t<div class=\"elementor-column elementor-col-25 elementor-inner-column elementor-element elementor-element-378e2e39\" data-id=\"378e2e39\" data-element_type=\"column\">\n\t\t\t<div class=\"elementor-widget-wrap elementor-element-populated\">\n\t\t\t\t\t\t<div class=\"elementor-element elementor-element-1eb8b5ad elementor-widget__width-auto elementor-widget elementor-widget-image\" data-id=\"1eb8b5ad\" data-element_type=\"widget\" data-widget_type=\"image.default\">\n\t\t\t\t<div class=\"elementor-widget-container\">\n\t\t\t\t\t\t\t\t\t\t\t\t\t\t\t\t<a href=\"https:\/\/www.anesthesiasa.ch\/de\/unsere-standorte\/lausanne\/\">\n\t\t\t\t\t\t\t<img loading=\"lazy\" decoding=\"async\" width=\"1000\" height=\"1024\" src=\"https:\/\/www.anesthesiasa.ch\/wp-content\/uploads\/2026\/03\/Entree-de-la-Clinique-Mont-Choisi2.png\" class=\"attachment-full size-full wp-image-5441\" alt=\"\" srcset=\"https:\/\/www.anesthesiasa.ch\/wp-content\/uploads\/2026\/03\/Entree-de-la-Clinique-Mont-Choisi2.png 1000w, https:\/\/www.anesthesiasa.ch\/wp-content\/uploads\/2026\/03\/Entree-de-la-Clinique-Mont-Choisi2-293x300.png 293w, https:\/\/www.anesthesiasa.ch\/wp-content\/uploads\/2026\/03\/Entree-de-la-Clinique-Mont-Choisi2-768x786.png 768w, https:\/\/www.anesthesiasa.ch\/wp-content\/uploads\/2026\/03\/Entree-de-la-Clinique-Mont-Choisi2-12x12.png 12w\" sizes=\"(max-width: 1000px) 100vw, 1000px\" \/>\t\t\t\t\t\t\t\t<\/a>\n\t\t\t\t\t\t\t\t\t\t\t\t\t\t\t<\/div>\n\t\t\t\t<\/div>\n\t\t\t\t<div class=\"elementor-element elementor-element-2120c823 elementor-widget elementor-widget-heading\" data-id=\"2120c823\" data-element_type=\"widget\" data-widget_type=\"heading.default\">\n\t\t\t\t<div class=\"elementor-widget-container\">\n\t\t\t\t\t<h2 class=\"elementor-heading-title elementor-size-default\">Lausanne<\/h2>\t\t\t\t<\/div>\n\t\t\t\t<\/div>\n\t\t\t\t<div class=\"elementor-element elementor-element-4ceddd2e elementor-widget elementor-widget-text-editor\" data-id=\"4ceddd2e\" data-element_type=\"widget\" data-widget_type=\"text-editor.default\">\n\t\t\t\t<div class=\"elementor-widget-container\">\n\t\t\t\t\t\t\t\t\t<p>Clinique de Montchoisi<\/p>\t\t\t\t\t\t\t\t<\/div>\n\t\t\t\t<\/div>\n\t\t\t\t\t<\/div>\n\t\t<\/div>\n\t\t\t\t\t<\/div>\n\t\t<\/section>\n\t\t\t\t<div class=\"elementor-element elementor-element-7c11bcd7 elementor-widget elementor-widget-spacer\" data-id=\"7c11bcd7\" data-element_type=\"widget\" data-widget_type=\"spacer.default\">\n\t\t\t\t<div class=\"elementor-widget-container\">\n\t\t\t\t\t\t\t<div class=\"elementor-spacer\">\n\t\t\t<div class=\"elementor-spacer-inner\"><\/div>\n\t\t<\/div>\n\t\t\t\t\t\t<\/div>\n\t\t\t\t<\/div>\n\t\t\t\t\t<\/div>\n\t\t<\/div>\n\t\t\t\t\t<\/div>\n\t\t<\/section>\n\t\t\t\t<\/div>","protected":false},"excerpt":{"rendered":"<p>Nos sites Fribourg Clinique G\u00e9n\u00e9rale Ste-Anne GENOLIER Clinique de Genolier G\u00fcmligen Siloah Privatklinik Lausanne Clinique de Montchoisi<\/p>","protected":false},"author":1,"featured_media":0,"parent":0,"menu_order":0,"comment_status":"closed","ping_status":"closed","template":"","meta":{"footnotes":""},"class_list":["post-592","page","type-page","status-publish","hentry"],"yoast_head":"<!-- This site is optimized with the Yoast SEO plugin v26.6 - https:\/\/yoast.com\/wordpress\/plugins\/seo\/ -->\n<title>Nos sites - Anesthesia<\/title>\n<meta name=\"robots\" content=\"index, follow, max-snippet:-1, max-image-preview:large, max-video-preview:-1\" \/>\n<link rel=\"canonical\" href=\"https:\/\/www.anesthesiasa.ch\/de\/unsere-standorte\/\" \/>\n<meta property=\"og:locale\" content=\"de_DE\" \/>\n<meta property=\"og:type\" content=\"article\" \/>\n<meta property=\"og:title\" content=\"Nos sites - Anesthesia\" \/>\n<meta property=\"og:description\" content=\"Nos sites Fribourg Clinique G\u00e9n\u00e9rale Ste-Anne GENOLIER Clinique de Genolier G\u00fcmligen Siloah Privatklinik Lausanne Clinique de Montchoisi\" \/>\n<meta property=\"og:url\" content=\"https:\/\/www.anesthesiasa.ch\/de\/unsere-standorte\/\" \/>\n<meta property=\"og:site_name\" content=\"Anesthesia\" \/>\n<meta property=\"article:modified_time\" content=\"2026-03-23T11:26:51+00:00\" \/>\n<meta property=\"og:image\" content=\"https:\/\/www.anesthesiasa.ch\/wp-content\/uploads\/2026\/03\/Entree-moderne-de-la-Clinique-Generale-1024x683.png\" \/>\n\t<meta property=\"og:image:width\" content=\"1024\" \/>\n\t<meta property=\"og:image:height\" content=\"683\" \/>\n\t<meta property=\"og:image:type\" content=\"image\/png\" \/>\n<meta name=\"twitter:card\" content=\"summary_large_image\" \/>\n<meta name=\"twitter:label1\" content=\"Gesch\u00e4tzte Lesezeit\" \/>\n\t<meta name=\"twitter:data1\" content=\"1\u00a0Minute\" \/>\n<script type=\"application\/ld+json\" class=\"yoast-schema-graph\">{\"@context\":\"https:\/\/schema.org\",\"@graph\":[{\"@type\":\"WebPage\",\"@id\":\"https:\/\/www.anesthesiasa.ch\/nos-sites\/\",\"url\":\"https:\/\/www.anesthesiasa.ch\/nos-sites\/\",\"name\":\"Nos sites - Anesthesia\",\"isPartOf\":{\"@id\":\"https:\/\/www.anesthesiasa.ch\/#website\"},\"primaryImageOfPage\":{\"@id\":\"https:\/\/www.anesthesiasa.ch\/nos-sites\/#primaryimage\"},\"image\":{\"@id\":\"https:\/\/www.anesthesiasa.ch\/nos-sites\/#primaryimage\"},\"thumbnailUrl\":\"https:\/\/www.anesthesiasa.ch\/wp-content\/uploads\/2026\/03\/Entree-moderne-de-la-Clinique-Generale.png\",\"datePublished\":\"2023-05-24T08:48:42+00:00\",\"dateModified\":\"2026-03-23T11:26:51+00:00\",\"breadcrumb\":{\"@id\":\"https:\/\/www.anesthesiasa.ch\/nos-sites\/#breadcrumb\"},\"inLanguage\":\"de-CH\",\"potentialAction\":[{\"@type\":\"ReadAction\",\"target\":[\"https:\/\/www.anesthesiasa.ch\/nos-sites\/\"]}]},{\"@type\":\"ImageObject\",\"inLanguage\":\"de-CH\",\"@id\":\"https:\/\/www.anesthesiasa.ch\/nos-sites\/#primaryimage\",\"url\":\"https:\/\/www.anesthesiasa.ch\/wp-content\/uploads\/2026\/03\/Entree-moderne-de-la-Clinique-Generale.png\",\"contentUrl\":\"https:\/\/www.anesthesiasa.ch\/wp-content\/uploads\/2026\/03\/Entree-moderne-de-la-Clinique-Generale.png\"},{\"@type\":\"BreadcrumbList\",\"@id\":\"https:\/\/www.anesthesiasa.ch\/nos-sites\/#breadcrumb\",\"itemListElement\":[{\"@type\":\"ListItem\",\"position\":1,\"name\":\"Accueil\",\"item\":\"https:\/\/www.anesthesiasa.ch\/\"},{\"@type\":\"ListItem\",\"position\":2,\"name\":\"Nos sites\"}]},{\"@type\":\"WebSite\",\"@id\":\"https:\/\/www.anesthesiasa.ch\/#website\",\"url\":\"https:\/\/www.anesthesiasa.ch\/\",\"name\":\"Anesthesia\",\"description\":\"anesth\u00e9sie \u2013 antalgie\",\"publisher\":{\"@id\":\"https:\/\/www.anesthesiasa.ch\/#organization\"},\"potentialAction\":[{\"@type\":\"SearchAction\",\"target\":{\"@type\":\"EntryPoint\",\"urlTemplate\":\"https:\/\/www.anesthesiasa.ch\/?s={search_term_string}\"},\"query-input\":{\"@type\":\"PropertyValueSpecification\",\"valueRequired\":true,\"valueName\":\"search_term_string\"}}],\"inLanguage\":\"de-CH\"},{\"@type\":\"Organization\",\"@id\":\"https:\/\/www.anesthesiasa.ch\/#organization\",\"name\":\"Anesthesia\",\"url\":\"https:\/\/www.anesthesiasa.ch\/\",\"logo\":{\"@type\":\"ImageObject\",\"inLanguage\":\"de-CH\",\"@id\":\"https:\/\/www.anesthesiasa.ch\/#\/schema\/logo\/image\/\",\"url\":\"https:\/\/www.anesthesiasa.ch\/wp-content\/uploads\/2023\/03\/Anesthesia-Anesthesie-Antalgie.png\",\"contentUrl\":\"https:\/\/www.anesthesiasa.ch\/wp-content\/uploads\/2023\/03\/Anesthesia-Anesthesie-Antalgie.png\",\"width\":515,\"height\":275,\"caption\":\"Anesthesia\"},\"image\":{\"@id\":\"https:\/\/www.anesthesiasa.ch\/#\/schema\/logo\/image\/\"},\"sameAs\":[\"https:\/\/www.linkedin.com\/company\/anesthesiasa\/\"]}]}<\/script>\n<!-- \/ Yoast SEO plugin. -->","yoast_head_json":{"title":"Nos sites - Anesthesia","robots":{"index":"index","follow":"follow","max-snippet":"max-snippet:-1","max-image-preview":"max-image-preview:large","max-video-preview":"max-video-preview:-1"},"canonical":"https:\/\/www.anesthesiasa.ch\/de\/unsere-standorte\/","og_locale":"de_DE","og_type":"article","og_title":"Nos sites - Anesthesia","og_description":"Nos sites Fribourg Clinique G\u00e9n\u00e9rale Ste-Anne GENOLIER Clinique de Genolier G\u00fcmligen Siloah Privatklinik Lausanne Clinique de Montchoisi","og_url":"https:\/\/www.anesthesiasa.ch\/de\/unsere-standorte\/","og_site_name":"Anesthesia","article_modified_time":"2026-03-23T11:26:51+00:00","og_image":[{"width":1024,"height":683,"url":"https:\/\/www.anesthesiasa.ch\/wp-content\/uploads\/2026\/03\/Entree-moderne-de-la-Clinique-Generale-1024x683.png","type":"image\/png"}],"twitter_card":"summary_large_image","twitter_misc":{"Gesch\u00e4tzte Lesezeit":"1\u00a0Minute"},"schema":{"@context":"https:\/\/schema.org","@graph":[{"@type":"WebPage","@id":"https:\/\/www.anesthesiasa.ch\/nos-sites\/","url":"https:\/\/www.anesthesiasa.ch\/nos-sites\/","name":"Nos sites - Anesthesia","isPartOf":{"@id":"https:\/\/www.anesthesiasa.ch\/#website"},"primaryImageOfPage":{"@id":"https:\/\/www.anesthesiasa.ch\/nos-sites\/#primaryimage"},"image":{"@id":"https:\/\/www.anesthesiasa.ch\/nos-sites\/#primaryimage"},"thumbnailUrl":"https:\/\/www.anesthesiasa.ch\/wp-content\/uploads\/2026\/03\/Entree-moderne-de-la-Clinique-Generale.png","datePublished":"2023-05-24T08:48:42+00:00","dateModified":"2026-03-23T11:26:51+00:00","breadcrumb":{"@id":"https:\/\/www.anesthesiasa.ch\/nos-sites\/#breadcrumb"},"inLanguage":"de-CH","potentialAction":[{"@type":"ReadAction","target":["https:\/\/www.anesthesiasa.ch\/nos-sites\/"]}]},{"@type":"ImageObject","inLanguage":"de-CH","@id":"https:\/\/www.anesthesiasa.ch\/nos-sites\/#primaryimage","url":"https:\/\/www.anesthesiasa.ch\/wp-content\/uploads\/2026\/03\/Entree-moderne-de-la-Clinique-Generale.png","contentUrl":"https:\/\/www.anesthesiasa.ch\/wp-content\/uploads\/2026\/03\/Entree-moderne-de-la-Clinique-Generale.png"},{"@type":"BreadcrumbList","@id":"https:\/\/www.anesthesiasa.ch\/nos-sites\/#breadcrumb","itemListElement":[{"@type":"ListItem","position":1,"name":"Accueil","item":"https:\/\/www.anesthesiasa.ch\/"},{"@type":"ListItem","position":2,"name":"Nos sites"}]},{"@type":"WebSite","@id":"https:\/\/www.anesthesiasa.ch\/#website","url":"https:\/\/www.anesthesiasa.ch\/","name":"Anesthesia","description":"anesth\u00e9sie \u2013 antalgie","publisher":{"@id":"https:\/\/www.anesthesiasa.ch\/#organization"},"potentialAction":[{"@type":"SearchAction","target":{"@type":"EntryPoint","urlTemplate":"https:\/\/www.anesthesiasa.ch\/?s={search_term_string}"},"query-input":{"@type":"PropertyValueSpecification","valueRequired":true,"valueName":"search_term_string"}}],"inLanguage":"de-CH"},{"@type":"Organization","@id":"https:\/\/www.anesthesiasa.ch\/#organization","name":"Anesthesia","url":"https:\/\/www.anesthesiasa.ch\/","logo":{"@type":"ImageObject","inLanguage":"de-CH","@id":"https:\/\/www.anesthesiasa.ch\/#\/schema\/logo\/image\/","url":"https:\/\/www.anesthesiasa.ch\/wp-content\/uploads\/2023\/03\/Anesthesia-Anesthesie-Antalgie.png","contentUrl":"https:\/\/www.anesthesiasa.ch\/wp-content\/uploads\/2023\/03\/Anesthesia-Anesthesie-Antalgie.png","width":515,"height":275,"caption":"Anesthesia"},"image":{"@id":"https:\/\/www.anesthesiasa.ch\/#\/schema\/logo\/image\/"},"sameAs":["https:\/\/www.linkedin.com\/company\/anesthesiasa\/"]}]}},"_links":{"self":[{"href":"https:\/\/www.anesthesiasa.ch\/de\/wp-json\/wp\/v2\/pages\/592","targetHints":{"allow":["GET"]}}],"collection":[{"href":"https:\/\/www.anesthesiasa.ch\/de\/wp-json\/wp\/v2\/pages"}],"about":[{"href":"https:\/\/www.anesthesiasa.ch\/de\/wp-json\/wp\/v2\/types\/page"}],"author":[{"embeddable":true,"href":"https:\/\/www.anesthesiasa.ch\/de\/wp-json\/wp\/v2\/users\/1"}],"replies":[{"embeddable":true,"href":"https:\/\/www.anesthesiasa.ch\/de\/wp-json\/wp\/v2\/comments?post=592"}],"version-history":[{"count":18,"href":"https:\/\/www.anesthesiasa.ch\/de\/wp-json\/wp\/v2\/pages\/592\/revisions"}],"predecessor-version":[{"id":5480,"href":"https:\/\/www.anesthesiasa.ch\/de\/wp-json\/wp\/v2\/pages\/592\/revisions\/5480"}],"wp:attachment":[{"href":"https:\/\/www.anesthesiasa.ch\/de\/wp-json\/wp\/v2\/media?parent=592"}],"curies":[{"name":"wp","href":"https:\/\/api.w.org\/{rel}","templated":true}]}}