{"id":687,"date":"2023-05-25T11:18:04","date_gmt":"2023-05-25T09:18:04","guid":{"rendered":"https:\/\/www.anesthesiasa.ch\/?page_id=687"},"modified":"2024-03-13T16:00:55","modified_gmt":"2024-03-13T15:00:55","slug":"patienten","status":"publish","type":"page","link":"http:\/\/www.anesthesiasa.ch\/de\/patienten\/","title":{"rendered":"Patienten"},"content":{"rendered":"<div data-elementor-type=\"wp-page\" data-elementor-id=\"687\" class=\"elementor elementor-687\" data-elementor-settings=\"{&quot;ha_cmc_init_switcher&quot;:&quot;no&quot;}\" data-elementor-post-type=\"page\">\n\t\t\t\t\t\t<section class=\"elementor-section elementor-top-section elementor-element elementor-element-ff9d01c elementor-section-boxed elementor-section-height-default elementor-section-height-default\" data-id=\"ff9d01c\" data-element_type=\"section\" data-e-type=\"section\" data-settings=\"{&quot;_ha_eqh_enable&quot;:false}\">\n\t\t\t\t\t\t<div class=\"elementor-container elementor-column-gap-default\">\n\t\t\t\t\t<div class=\"elementor-column elementor-col-100 elementor-top-column elementor-element elementor-element-22cc321\" data-id=\"22cc321\" data-element_type=\"column\" data-e-type=\"column\">\n\t\t\t<div class=\"elementor-widget-wrap elementor-element-populated\">\n\t\t\t\t\t\t<div class=\"elementor-element elementor-element-b9a08fb elementor-widget elementor-widget-spacer\" data-id=\"b9a08fb\" data-element_type=\"widget\" data-e-type=\"widget\" data-widget_type=\"spacer.default\">\n\t\t\t\t<div class=\"elementor-widget-container\">\n\t\t\t\t\t\t\t<div class=\"elementor-spacer\">\n\t\t\t<div class=\"elementor-spacer-inner\"><\/div>\n\t\t<\/div>\n\t\t\t\t\t\t<\/div>\n\t\t\t\t<\/div>\n\t\t\t\t<div class=\"elementor-element elementor-element-f51c04e elementor-widget elementor-widget-heading\" data-id=\"f51c04e\" data-element_type=\"widget\" data-e-type=\"widget\" data-widget_type=\"heading.default\">\n\t\t\t\t<div class=\"elementor-widget-container\">\n\t\t\t\t\t<h1 class=\"elementor-heading-title elementor-size-default\">Patienten<\/h1>\t\t\t\t<\/div>\n\t\t\t\t<\/div>\n\t\t\t\t<div class=\"elementor-element elementor-element-4f5561d elementor-widget elementor-widget-spacer\" data-id=\"4f5561d\" data-element_type=\"widget\" data-e-type=\"widget\" data-widget_type=\"spacer.default\">\n\t\t\t\t<div class=\"elementor-widget-container\">\n\t\t\t\t\t\t\t<div class=\"elementor-spacer\">\n\t\t\t<div class=\"elementor-spacer-inner\"><\/div>\n\t\t<\/div>\n\t\t\t\t\t\t<\/div>\n\t\t\t\t<\/div>\n\t\t\t\t\t<\/div>\n\t\t<\/div>\n\t\t\t\t\t<\/div>\n\t\t<\/section>\n\t\t\t\t<section class=\"elementor-section elementor-top-section elementor-element elementor-element-10fa815f elementor-section-boxed elementor-section-height-default elementor-section-height-default\" data-id=\"10fa815f\" data-element_type=\"section\" data-e-type=\"section\" data-settings=\"{&quot;background_background&quot;:&quot;classic&quot;}\">\n\t\t\t\t\t\t\t<div class=\"elementor-background-overlay\"><\/div>\n\t\t\t\t\t\t\t<div class=\"elementor-container elementor-column-gap-default\">\n\t\t\t\t\t<div class=\"elementor-column elementor-col-100 elementor-top-column elementor-element elementor-element-4577a0f9\" data-id=\"4577a0f9\" data-element_type=\"column\" data-e-type=\"column\">\n\t\t\t<div class=\"elementor-widget-wrap elementor-element-populated\">\n\t\t\t\t\t\t<div class=\"elementor-element elementor-element-2a591eea elementor-widget elementor-widget-spacer\" data-id=\"2a591eea\" data-element_type=\"widget\" data-e-type=\"widget\" data-widget_type=\"spacer.default\">\n\t\t\t\t<div class=\"elementor-widget-container\">\n\t\t\t\t\t\t\t<div class=\"elementor-spacer\">\n\t\t\t<div class=\"elementor-spacer-inner\"><\/div>\n\t\t<\/div>\n\t\t\t\t\t\t<\/div>\n\t\t\t\t<\/div>\n\t\t\t\t<section class=\"elementor-section elementor-inner-section elementor-element elementor-element-269165ed elementor-section-full_width elementor-section-height-default elementor-section-height-default\" data-id=\"269165ed\" data-element_type=\"section\" data-e-type=\"section\" data-settings=\"{&quot;_ha_eqh_enable&quot;:false}\">\n\t\t\t\t\t\t<div class=\"elementor-container elementor-column-gap-default\">\n\t\t\t\t\t<div class=\"elementor-column elementor-col-33 elementor-inner-column elementor-element elementor-element-385ae3fc\" data-id=\"385ae3fc\" data-element_type=\"column\" data-e-type=\"column\" data-settings=\"{&quot;background_background&quot;:&quot;classic&quot;}\">\n\t\t\t<div class=\"elementor-widget-wrap elementor-element-populated\">\n\t\t\t\t\t\t<div class=\"elementor-element elementor-element-8e8db67 elementor-widget elementor-widget-menu-anchor\" data-id=\"8e8db67\" data-element_type=\"widget\" data-e-type=\"widget\" data-widget_type=\"menu-anchor.default\">\n\t\t\t\t<div class=\"elementor-widget-container\">\n\t\t\t\t\t\t\t<div class=\"elementor-menu-anchor\" id=\"Consultation\"><\/div>\n\t\t\t\t\t\t<\/div>\n\t\t\t\t<\/div>\n\t\t\t\t<div class=\"elementor-element elementor-element-76f150c elementor-widget elementor-widget-image\" data-id=\"76f150c\" data-element_type=\"widget\" data-e-type=\"widget\" data-widget_type=\"image.default\">\n\t\t\t\t<div class=\"elementor-widget-container\">\n\t\t\t\t\t\t\t\t\t\t\t\t\t\t\t<img fetchpriority=\"high\" decoding=\"async\" width=\"800\" height=\"534\" src=\"https:\/\/www.anesthesiasa.ch\/wp-content\/uploads\/2023\/12\/MG_0553_Edit-scaled.jpg\" class=\"attachment-large size-large wp-image-1478\" alt=\"\" srcset=\"https:\/\/www.anesthesiasa.ch\/wp-content\/uploads\/2023\/12\/MG_0553_Edit-scaled.jpg 2560w, https:\/\/www.anesthesiasa.ch\/wp-content\/uploads\/2023\/12\/MG_0553_Edit-300x200.jpg 300w, https:\/\/www.anesthesiasa.ch\/wp-content\/uploads\/2023\/12\/MG_0553_Edit-1024x683.jpg 1024w, https:\/\/www.anesthesiasa.ch\/wp-content\/uploads\/2023\/12\/MG_0553_Edit-768x512.jpg 768w, https:\/\/www.anesthesiasa.ch\/wp-content\/uploads\/2023\/12\/MG_0553_Edit-1536x1024.jpg 1536w, https:\/\/www.anesthesiasa.ch\/wp-content\/uploads\/2023\/12\/MG_0553_Edit-2048x1365.jpg 2048w\" sizes=\"(max-width: 800px) 100vw, 800px\" \/>\t\t\t\t\t\t\t\t\t\t\t\t\t\t\t<\/div>\n\t\t\t\t<\/div>\n\t\t\t\t<div class=\"elementor-element elementor-element-5df89c6f elementor-widget elementor-widget-heading\" data-id=\"5df89c6f\" data-element_type=\"widget\" data-e-type=\"widget\" data-widget_type=\"heading.default\">\n\t\t\t\t<div class=\"elementor-widget-container\">\n\t\t\t\t\t<h2 class=\"elementor-heading-title elementor-size-default\">An\u00e4sthesie-Sprechstunde<\/h2>\t\t\t\t<\/div>\n\t\t\t\t<\/div>\n\t\t\t\t<div class=\"elementor-element elementor-element-92a3cca elementor-widget elementor-widget-text-editor\" data-id=\"92a3cca\" data-element_type=\"widget\" data-e-type=\"widget\" data-widget_type=\"text-editor.default\">\n\t\t\t\t<div class=\"elementor-widget-container\">\n\t\t\t\t\t\t\t\t\t<p>Die An\u00e4sthesie-Sprechstunde findet einige Tage vor dem geplanten chirurgischen Eingriff statt \u2013 entweder bei uns vor Ort in unserem Sprechzimmer oder per Telefon.&nbsp;<\/p>\n<p>Die Sprechstunde erm\u00f6glicht, mit Ihnen die am besten geeignete An\u00e4sthesietechnik f\u00fcr Ihren Eingriff zu bestimmen und somit die Einwilligungserkl\u00e4rung zu unterschreiben.&nbsp;<\/p>\t\t\t\t\t\t\t\t<\/div>\n\t\t\t\t<\/div>\n\t\t\t\t\t<\/div>\n\t\t<\/div>\n\t\t\t\t<div class=\"elementor-column elementor-col-33 elementor-inner-column elementor-element elementor-element-2e397fb6\" data-id=\"2e397fb6\" data-element_type=\"column\" data-e-type=\"column\">\n\t\t\t<div class=\"elementor-widget-wrap elementor-element-populated\">\n\t\t\t\t\t\t<div class=\"elementor-element elementor-element-d086f2f elementor-widget elementor-widget-menu-anchor\" data-id=\"d086f2f\" data-element_type=\"widget\" data-e-type=\"widget\" data-widget_type=\"menu-anchor.default\">\n\t\t\t\t<div class=\"elementor-widget-container\">\n\t\t\t\t\t\t\t<div class=\"elementor-menu-anchor\" id=\"Recommandations\"><\/div>\n\t\t\t\t\t\t<\/div>\n\t\t\t\t<\/div>\n\t\t\t\t<div class=\"elementor-element elementor-element-d92d49b elementor-widget elementor-widget-image\" data-id=\"d92d49b\" data-element_type=\"widget\" data-e-type=\"widget\" data-widget_type=\"image.default\">\n\t\t\t\t<div class=\"elementor-widget-container\">\n\t\t\t\t\t\t\t\t\t\t\t\t\t\t\t<img decoding=\"async\" width=\"800\" height=\"534\" src=\"https:\/\/www.anesthesiasa.ch\/wp-content\/uploads\/2023\/12\/MG_3178_Edit-1024x683.jpg\" class=\"attachment-large size-large wp-image-1479\" alt=\"\" srcset=\"https:\/\/www.anesthesiasa.ch\/wp-content\/uploads\/2023\/12\/MG_3178_Edit-1024x683.jpg 1024w, https:\/\/www.anesthesiasa.ch\/wp-content\/uploads\/2023\/12\/MG_3178_Edit-300x200.jpg 300w, https:\/\/www.anesthesiasa.ch\/wp-content\/uploads\/2023\/12\/MG_3178_Edit-768x512.jpg 768w, https:\/\/www.anesthesiasa.ch\/wp-content\/uploads\/2023\/12\/MG_3178_Edit-1536x1024.jpg 1536w, https:\/\/www.anesthesiasa.ch\/wp-content\/uploads\/2023\/12\/MG_3178_Edit-2048x1365.jpg 2048w\" sizes=\"(max-width: 800px) 100vw, 800px\" \/>\t\t\t\t\t\t\t\t\t\t\t\t\t\t\t<\/div>\n\t\t\t\t<\/div>\n\t\t\t\t<div class=\"elementor-element elementor-element-5f977dc5 elementor-widget elementor-widget-heading\" data-id=\"5f977dc5\" data-element_type=\"widget\" data-e-type=\"widget\" data-widget_type=\"heading.default\">\n\t\t\t\t<div class=\"elementor-widget-container\">\n\t\t\t\t\t<h2 class=\"elementor-heading-title elementor-size-default\">Pr\u00e4operative Empfehlungen<\/h2>\t\t\t\t<\/div>\n\t\t\t\t<\/div>\n\t\t\t\t<div class=\"elementor-element elementor-element-cc1f2d4 elementor-widget elementor-widget-text-editor\" data-id=\"cc1f2d4\" data-element_type=\"widget\" data-e-type=\"widget\" data-widget_type=\"text-editor.default\">\n\t\t\t\t<div class=\"elementor-widget-container\">\n\t\t\t\t\t\t\t\t\t<p>Hier finden Sie alle wichtigen Empfehlungen unseres An\u00e4sthesieteams f\u00fcr die Zeit Ihrer Operation.<\/p>\t\t\t\t\t\t\t\t<\/div>\n\t\t\t\t<\/div>\n\t\t\t\t<div class=\"elementor-element elementor-element-831c13b elementor-position-inline-start elementor-view-default elementor-mobile-position-block-start elementor-widget elementor-widget-icon-box\" data-id=\"831c13b\" data-element_type=\"widget\" data-e-type=\"widget\" data-widget_type=\"icon-box.default\">\n\t\t\t\t<div class=\"elementor-widget-container\">\n\t\t\t\t\t\t\t<div class=\"elementor-icon-box-wrapper\">\n\n\t\t\t\t\t\t<div class=\"elementor-icon-box-icon\">\n\t\t\t\t<a href=\"https:\/\/www.anesthesiasa.ch\/wp-content\/uploads\/2024\/03\/Praktische-Informationen_Gumligen_DE_logo_2024-1.pdf\" target=\"_blank\" class=\"elementor-icon\" tabindex=\"-1\" aria-label=\"Weitere Informationen\">\n\t\t\t\t<i aria-hidden=\"true\" class=\"hm hm-pdf1\"><\/i>\t\t\t\t<\/a>\n\t\t\t<\/div>\n\t\t\t\n\t\t\t\t\t\t<div class=\"elementor-icon-box-content\">\n\n\t\t\t\t\t\t\t\t\t<h3 class=\"elementor-icon-box-title\">\n\t\t\t\t\t\t<a href=\"https:\/\/www.anesthesiasa.ch\/wp-content\/uploads\/2024\/03\/Praktische-Informationen_Gumligen_DE_logo_2024-1.pdf\" target=\"_blank\" >\n\t\t\t\t\t\t\tWeitere Informationen\t\t\t\t\t\t<\/a>\n\t\t\t\t\t<\/h3>\n\t\t\t\t\n\t\t\t\t\n\t\t\t<\/div>\n\t\t\t\n\t\t<\/div>\n\t\t\t\t\t\t<\/div>\n\t\t\t\t<\/div>\n\t\t\t\t\t<\/div>\n\t\t<\/div>\n\t\t\t\t<div class=\"elementor-column elementor-col-33 elementor-inner-column elementor-element elementor-element-40eca0f2\" data-id=\"40eca0f2\" data-element_type=\"column\" data-e-type=\"column\">\n\t\t\t<div class=\"elementor-widget-wrap elementor-element-populated\">\n\t\t\t\t\t\t<div class=\"elementor-element elementor-element-444b214 elementor-widget elementor-widget-menu-anchor\" data-id=\"444b214\" data-element_type=\"widget\" data-e-type=\"widget\" data-widget_type=\"menu-anchor.default\">\n\t\t\t\t<div class=\"elementor-widget-container\">\n\t\t\t\t\t\t\t<div class=\"elementor-menu-anchor\" id=\"AuBloc\"><\/div>\n\t\t\t\t\t\t<\/div>\n\t\t\t\t<\/div>\n\t\t\t\t<div class=\"elementor-element elementor-element-e38fa5b elementor-widget elementor-widget-image\" data-id=\"e38fa5b\" data-element_type=\"widget\" data-e-type=\"widget\" data-widget_type=\"image.default\">\n\t\t\t\t<div class=\"elementor-widget-container\">\n\t\t\t\t\t\t\t\t\t\t\t\t\t\t\t<img decoding=\"async\" width=\"800\" height=\"305\" src=\"https:\/\/www.anesthesiasa.ch\/wp-content\/uploads\/2023\/12\/MG_2564_Edit-scaled-e1775137905179-1024x391.jpg\" class=\"attachment-large size-large wp-image-1480\" alt=\"\" srcset=\"https:\/\/www.anesthesiasa.ch\/wp-content\/uploads\/2023\/12\/MG_2564_Edit-scaled-e1775137905179-1024x391.jpg 1024w, https:\/\/www.anesthesiasa.ch\/wp-content\/uploads\/2023\/12\/MG_2564_Edit-scaled-e1775137905179-300x114.jpg 300w, https:\/\/www.anesthesiasa.ch\/wp-content\/uploads\/2023\/12\/MG_2564_Edit-scaled-e1775137905179-768x293.jpg 768w, https:\/\/www.anesthesiasa.ch\/wp-content\/uploads\/2023\/12\/MG_2564_Edit-scaled-e1775137905179-1536x586.jpg 1536w, https:\/\/www.anesthesiasa.ch\/wp-content\/uploads\/2023\/12\/MG_2564_Edit-scaled-e1775137905179-2048x782.jpg 2048w, https:\/\/www.anesthesiasa.ch\/wp-content\/uploads\/2023\/12\/MG_2564_Edit-scaled-e1775137905179-18x7.jpg 18w\" sizes=\"(max-width: 800px) 100vw, 800px\" \/>\t\t\t\t\t\t\t\t\t\t\t\t\t\t\t<\/div>\n\t\t\t\t<\/div>\n\t\t\t\t<div class=\"elementor-element elementor-element-6bae3684 elementor-widget elementor-widget-heading\" data-id=\"6bae3684\" data-element_type=\"widget\" data-e-type=\"widget\" data-widget_type=\"heading.default\">\n\t\t\t\t<div class=\"elementor-widget-container\">\n\t\t\t\t\t<h2 class=\"elementor-heading-title elementor-size-default\">Ein Tag in der Klinik<\/h2>\t\t\t\t<\/div>\n\t\t\t\t<\/div>\n\t\t\t\t<div class=\"elementor-element elementor-element-da45716 elementor-widget elementor-widget-text-editor\" data-id=\"da45716\" data-element_type=\"widget\" data-e-type=\"widget\" data-widget_type=\"text-editor.default\">\n\t\t\t\t<div class=\"elementor-widget-container\">\n\t\t\t\t\t\t\t\t\t<p>Wir arbeiten Hand in Hand im Team, um Ihre Sicherheit und Ihren Komfort zu garantieren und so das beste Ergebnis des chirurgischen Eingriffs zu erm\u00f6glichen.<\/p>\t\t\t\t\t\t\t\t<\/div>\n\t\t\t\t<\/div>\n\t\t\t\t\t<\/div>\n\t\t<\/div>\n\t\t\t\t\t<\/div>\n\t\t<\/section>\n\t\t\t\t<div class=\"elementor-element elementor-element-bb45249 elementor-widget elementor-widget-spacer\" data-id=\"bb45249\" data-element_type=\"widget\" data-e-type=\"widget\" data-widget_type=\"spacer.default\">\n\t\t\t\t<div class=\"elementor-widget-container\">\n\t\t\t\t\t\t\t<div class=\"elementor-spacer\">\n\t\t\t<div class=\"elementor-spacer-inner\"><\/div>\n\t\t<\/div>\n\t\t\t\t\t\t<\/div>\n\t\t\t\t<\/div>\n\t\t\t\t\t<\/div>\n\t\t<\/div>\n\t\t\t\t\t<\/div>\n\t\t<\/section>\n\t\t\t\t<\/div>","protected":false},"excerpt":{"rendered":"<p>pATIENTS Consultation d\u2019anesth\u00e9sie Elle a lieu quelques jours avant votre intervention chirurgicale, dans notre cabinet de consultation ou par t\u00e9l\u00e9phone.&nbsp; La consultation permet de d\u00e9terminer avec vous la technique d&rsquo;anesth\u00e9sie la plus adapt\u00e9e \u00e0 votre intervention et de signer le formulaire de consentement \u00e9clair\u00e9.&nbsp; Recommandations pr\u00e9op\u00e9ratoires Vous trouverez l&rsquo;ensemble des renseignements essentiels concernant les recommandations [&hellip;]<\/p>\n","protected":false},"author":1,"featured_media":0,"parent":0,"menu_order":0,"comment_status":"closed","ping_status":"closed","template":"","meta":{"footnotes":""},"class_list":["post-687","page","type-page","status-publish","hentry"],"yoast_head":"<!-- This site is optimized with the Yoast SEO plugin v27.4 - https:\/\/yoast.com\/product\/yoast-seo-wordpress\/ -->\n<title>Patients - Anesthesia<\/title>\n<meta name=\"robots\" content=\"index, follow, max-snippet:-1, max-image-preview:large, max-video-preview:-1\" \/>\n<link rel=\"canonical\" href=\"https:\/\/www.anesthesiasa.ch\/de\/patienten\/\" \/>\n<meta property=\"og:locale\" content=\"de_DE\" \/>\n<meta property=\"og:type\" content=\"article\" \/>\n<meta property=\"og:title\" content=\"Patients - Anesthesia\" \/>\n<meta property=\"og:description\" content=\"pATIENTS Consultation d\u2019anesth\u00e9sie Elle a lieu quelques jours avant votre intervention chirurgicale, dans notre cabinet de consultation ou par t\u00e9l\u00e9phone.&nbsp; La consultation permet de d\u00e9terminer avec vous la technique d&rsquo;anesth\u00e9sie la plus adapt\u00e9e \u00e0 votre intervention et de signer le formulaire de consentement \u00e9clair\u00e9.&nbsp; Recommandations pr\u00e9op\u00e9ratoires Vous trouverez l&rsquo;ensemble des renseignements essentiels concernant les recommandations [&hellip;]\" \/>\n<meta property=\"og:url\" content=\"https:\/\/www.anesthesiasa.ch\/de\/patienten\/\" \/>\n<meta property=\"og:site_name\" content=\"Anesthesia\" \/>\n<meta property=\"article:modified_time\" content=\"2024-03-13T15:00:55+00:00\" \/>\n<meta property=\"og:image\" content=\"https:\/\/www.anesthesiasa.ch\/wp-content\/uploads\/2023\/12\/MG_0553_Edit-1024x683.jpg\" \/>\n<meta name=\"twitter:card\" content=\"summary_large_image\" \/>\n<meta name=\"twitter:label1\" content=\"Gesch\u00e4tzte Lesezeit\" \/>\n\t<meta name=\"twitter:data1\" content=\"1\u00a0Minute\" \/>\n<script type=\"application\/ld+json\" class=\"yoast-schema-graph\">{\"@context\":\"https:\\\/\\\/schema.org\",\"@graph\":[{\"@type\":\"WebPage\",\"@id\":\"https:\\\/\\\/www.anesthesiasa.ch\\\/patients\\\/\",\"url\":\"https:\\\/\\\/www.anesthesiasa.ch\\\/patients\\\/\",\"name\":\"Patients - Anesthesia\",\"isPartOf\":{\"@id\":\"https:\\\/\\\/www.anesthesiasa.ch\\\/#website\"},\"primaryImageOfPage\":{\"@id\":\"https:\\\/\\\/www.anesthesiasa.ch\\\/patients\\\/#primaryimage\"},\"image\":{\"@id\":\"https:\\\/\\\/www.anesthesiasa.ch\\\/patients\\\/#primaryimage\"},\"thumbnailUrl\":\"https:\\\/\\\/www.anesthesiasa.ch\\\/wp-content\\\/uploads\\\/2023\\\/12\\\/MG_0553_Edit-1024x683.jpg\",\"datePublished\":\"2023-05-25T09:18:04+00:00\",\"dateModified\":\"2024-03-13T15:00:55+00:00\",\"breadcrumb\":{\"@id\":\"https:\\\/\\\/www.anesthesiasa.ch\\\/patients\\\/#breadcrumb\"},\"inLanguage\":\"de-CH\",\"potentialAction\":[{\"@type\":\"ReadAction\",\"target\":[\"https:\\\/\\\/www.anesthesiasa.ch\\\/patients\\\/\"]}]},{\"@type\":\"ImageObject\",\"inLanguage\":\"de-CH\",\"@id\":\"https:\\\/\\\/www.anesthesiasa.ch\\\/patients\\\/#primaryimage\",\"url\":\"https:\\\/\\\/www.anesthesiasa.ch\\\/wp-content\\\/uploads\\\/2023\\\/12\\\/MG_0553_Edit-1024x683.jpg\",\"contentUrl\":\"https:\\\/\\\/www.anesthesiasa.ch\\\/wp-content\\\/uploads\\\/2023\\\/12\\\/MG_0553_Edit-1024x683.jpg\"},{\"@type\":\"BreadcrumbList\",\"@id\":\"https:\\\/\\\/www.anesthesiasa.ch\\\/patients\\\/#breadcrumb\",\"itemListElement\":[{\"@type\":\"ListItem\",\"position\":1,\"name\":\"Accueil\",\"item\":\"https:\\\/\\\/www.anesthesiasa.ch\\\/\"},{\"@type\":\"ListItem\",\"position\":2,\"name\":\"Patients\"}]},{\"@type\":\"WebSite\",\"@id\":\"https:\\\/\\\/www.anesthesiasa.ch\\\/#website\",\"url\":\"https:\\\/\\\/www.anesthesiasa.ch\\\/\",\"name\":\"Anesthesia\",\"description\":\"anesth\u00e9sie \u2013 antalgie\",\"publisher\":{\"@id\":\"https:\\\/\\\/www.anesthesiasa.ch\\\/#organization\"},\"potentialAction\":[{\"@type\":\"SearchAction\",\"target\":{\"@type\":\"EntryPoint\",\"urlTemplate\":\"https:\\\/\\\/www.anesthesiasa.ch\\\/?s={search_term_string}\"},\"query-input\":{\"@type\":\"PropertyValueSpecification\",\"valueRequired\":true,\"valueName\":\"search_term_string\"}}],\"inLanguage\":\"de-CH\"},{\"@type\":\"Organization\",\"@id\":\"https:\\\/\\\/www.anesthesiasa.ch\\\/#organization\",\"name\":\"Anesthesia\",\"url\":\"https:\\\/\\\/www.anesthesiasa.ch\\\/\",\"logo\":{\"@type\":\"ImageObject\",\"inLanguage\":\"de-CH\",\"@id\":\"https:\\\/\\\/www.anesthesiasa.ch\\\/#\\\/schema\\\/logo\\\/image\\\/\",\"url\":\"https:\\\/\\\/www.anesthesiasa.ch\\\/wp-content\\\/uploads\\\/2023\\\/03\\\/Anesthesia-Anesthesie-Antalgie.png\",\"contentUrl\":\"https:\\\/\\\/www.anesthesiasa.ch\\\/wp-content\\\/uploads\\\/2023\\\/03\\\/Anesthesia-Anesthesie-Antalgie.png\",\"width\":515,\"height\":275,\"caption\":\"Anesthesia\"},\"image\":{\"@id\":\"https:\\\/\\\/www.anesthesiasa.ch\\\/#\\\/schema\\\/logo\\\/image\\\/\"},\"sameAs\":[\"https:\\\/\\\/www.linkedin.com\\\/company\\\/anesthesiasa\\\/\"]}]}<\/script>\n<!-- \/ Yoast SEO plugin. -->","yoast_head_json":{"title":"Patients - Anesthesia","robots":{"index":"index","follow":"follow","max-snippet":"max-snippet:-1","max-image-preview":"max-image-preview:large","max-video-preview":"max-video-preview:-1"},"canonical":"https:\/\/www.anesthesiasa.ch\/de\/patienten\/","og_locale":"de_DE","og_type":"article","og_title":"Patients - Anesthesia","og_description":"pATIENTS Consultation d\u2019anesth\u00e9sie Elle a lieu quelques jours avant votre intervention chirurgicale, dans notre cabinet de consultation ou par t\u00e9l\u00e9phone.&nbsp; La consultation permet de d\u00e9terminer avec vous la technique d&rsquo;anesth\u00e9sie la plus adapt\u00e9e \u00e0 votre intervention et de signer le formulaire de consentement \u00e9clair\u00e9.&nbsp; Recommandations pr\u00e9op\u00e9ratoires Vous trouverez l&rsquo;ensemble des renseignements essentiels concernant les recommandations [&hellip;]","og_url":"https:\/\/www.anesthesiasa.ch\/de\/patienten\/","og_site_name":"Anesthesia","article_modified_time":"2024-03-13T15:00:55+00:00","og_image":[{"url":"https:\/\/www.anesthesiasa.ch\/wp-content\/uploads\/2023\/12\/MG_0553_Edit-1024x683.jpg","type":"","width":"","height":""}],"twitter_card":"summary_large_image","twitter_misc":{"Gesch\u00e4tzte Lesezeit":"1\u00a0Minute"},"schema":{"@context":"https:\/\/schema.org","@graph":[{"@type":"WebPage","@id":"https:\/\/www.anesthesiasa.ch\/patients\/","url":"https:\/\/www.anesthesiasa.ch\/patients\/","name":"Patients - Anesthesia","isPartOf":{"@id":"https:\/\/www.anesthesiasa.ch\/#website"},"primaryImageOfPage":{"@id":"https:\/\/www.anesthesiasa.ch\/patients\/#primaryimage"},"image":{"@id":"https:\/\/www.anesthesiasa.ch\/patients\/#primaryimage"},"thumbnailUrl":"https:\/\/www.anesthesiasa.ch\/wp-content\/uploads\/2023\/12\/MG_0553_Edit-1024x683.jpg","datePublished":"2023-05-25T09:18:04+00:00","dateModified":"2024-03-13T15:00:55+00:00","breadcrumb":{"@id":"https:\/\/www.anesthesiasa.ch\/patients\/#breadcrumb"},"inLanguage":"de-CH","potentialAction":[{"@type":"ReadAction","target":["https:\/\/www.anesthesiasa.ch\/patients\/"]}]},{"@type":"ImageObject","inLanguage":"de-CH","@id":"https:\/\/www.anesthesiasa.ch\/patients\/#primaryimage","url":"https:\/\/www.anesthesiasa.ch\/wp-content\/uploads\/2023\/12\/MG_0553_Edit-1024x683.jpg","contentUrl":"https:\/\/www.anesthesiasa.ch\/wp-content\/uploads\/2023\/12\/MG_0553_Edit-1024x683.jpg"},{"@type":"BreadcrumbList","@id":"https:\/\/www.anesthesiasa.ch\/patients\/#breadcrumb","itemListElement":[{"@type":"ListItem","position":1,"name":"Accueil","item":"https:\/\/www.anesthesiasa.ch\/"},{"@type":"ListItem","position":2,"name":"Patients"}]},{"@type":"WebSite","@id":"https:\/\/www.anesthesiasa.ch\/#website","url":"https:\/\/www.anesthesiasa.ch\/","name":"Anesthesia","description":"anesth\u00e9sie \u2013 antalgie","publisher":{"@id":"https:\/\/www.anesthesiasa.ch\/#organization"},"potentialAction":[{"@type":"SearchAction","target":{"@type":"EntryPoint","urlTemplate":"https:\/\/www.anesthesiasa.ch\/?s={search_term_string}"},"query-input":{"@type":"PropertyValueSpecification","valueRequired":true,"valueName":"search_term_string"}}],"inLanguage":"de-CH"},{"@type":"Organization","@id":"https:\/\/www.anesthesiasa.ch\/#organization","name":"Anesthesia","url":"https:\/\/www.anesthesiasa.ch\/","logo":{"@type":"ImageObject","inLanguage":"de-CH","@id":"https:\/\/www.anesthesiasa.ch\/#\/schema\/logo\/image\/","url":"https:\/\/www.anesthesiasa.ch\/wp-content\/uploads\/2023\/03\/Anesthesia-Anesthesie-Antalgie.png","contentUrl":"https:\/\/www.anesthesiasa.ch\/wp-content\/uploads\/2023\/03\/Anesthesia-Anesthesie-Antalgie.png","width":515,"height":275,"caption":"Anesthesia"},"image":{"@id":"https:\/\/www.anesthesiasa.ch\/#\/schema\/logo\/image\/"},"sameAs":["https:\/\/www.linkedin.com\/company\/anesthesiasa\/"]}]}},"_links":{"self":[{"href":"http:\/\/www.anesthesiasa.ch\/de\/wp-json\/wp\/v2\/pages\/687","targetHints":{"allow":["GET"]}}],"collection":[{"href":"http:\/\/www.anesthesiasa.ch\/de\/wp-json\/wp\/v2\/pages"}],"about":[{"href":"http:\/\/www.anesthesiasa.ch\/de\/wp-json\/wp\/v2\/types\/page"}],"author":[{"embeddable":true,"href":"http:\/\/www.anesthesiasa.ch\/de\/wp-json\/wp\/v2\/users\/1"}],"replies":[{"embeddable":true,"href":"http:\/\/www.anesthesiasa.ch\/de\/wp-json\/wp\/v2\/comments?post=687"}],"version-history":[{"count":0,"href":"http:\/\/www.anesthesiasa.ch\/de\/wp-json\/wp\/v2\/pages\/687\/revisions"}],"wp:attachment":[{"href":"http:\/\/www.anesthesiasa.ch\/de\/wp-json\/wp\/v2\/media?parent=687"}],"curies":[{"name":"wp","href":"https:\/\/api.w.org\/{rel}","templated":true}]}}